{"id":11,"date":"2021-06-08T18:51:26","date_gmt":"2021-06-08T18:51:26","guid":{"rendered":"https:\/\/www.prodavamfirmu.cz\/?page_id=11"},"modified":"2021-06-14T07:38:02","modified_gmt":"2021-06-14T07:38:02","slug":"kdo-jsme","status":"publish","type":"page","link":"https:\/\/www.prodavamfirmu.cz\/index.php\/kdo-jsme\/","title":{"rendered":"Kdo jsme"},"content":{"rendered":"\n<div class=\"wp-block-image\"><figure class=\"alignright size-large\"><img loading=\"lazy\" width=\"297\" height=\"305\" src=\"https:\/\/www.prodavamfirmu.cz\/wp-content\/uploads\/2021\/06\/Miller-portrait-1.jpg\" alt=\"\" class=\"wp-image-77\" srcset=\"https:\/\/www.prodavamfirmu.cz\/wp-content\/uploads\/2021\/06\/Miller-portrait-1.jpg 297w, https:\/\/www.prodavamfirmu.cz\/wp-content\/uploads\/2021\/06\/Miller-portrait-1-292x300.jpg 292w, https:\/\/www.prodavamfirmu.cz\/wp-content\/uploads\/2021\/06\/Miller-portrait-1-58x60.jpg 58w\" sizes=\"(max-width: 297px) 100vw, 297px\" \/><\/figure><\/div>\n\n\n\n<p>V \u010dele na\u0161eho t\u00fdmu stoj\u00ed pan Ing. Milo\u0148 Miller, zku\u0161en\u00fd mana\u017eer a finan\u010dn\u00edk. Milo\u0148 Miller zast\u00e1val vysok\u00e9 mana\u017eersk\u00e9 funkce ve v\u00fdznamn\u00fdch \u010desk\u00fdch firm\u00e1ch jako \u0160KODA PRAHA, PVT, Fincentrum, d\u00e1le mnoho let nanejv\u00fd\u0161 \u00fasp\u011b\u0161n\u011b \u0159\u00eddil \u010deskou a slovenskou pobo\u010dku zdravotnick\u00e9 spole\u010dnosti Medicover \/ Mediconet (dne\u0161n\u00ed Canadian Medical Care). Pot\u00e9 n\u011bkolik let pracoval pro investi\u010dn\u00ed spole\u010dnost Oriens, kde nakupoval firmy do jej\u00edho portfolia a pod\u00edlel se na jejich dal\u0161\u00ed spr\u00e1v\u011b.<\/p>\n","protected":false},"excerpt":{"rendered":"<p>V \u010dele na\u0161eho t\u00fdmu stoj\u00ed pan Ing. Milo\u0148 Miller, zku\u0161en\u00fd mana\u017eer a finan\u010dn\u00edk. Milo\u0148 Miller zast\u00e1val vysok\u00e9 mana\u017eersk\u00e9 funkce ve v\u00fdznamn\u00fdch \u010desk\u00fdch firm\u00e1ch jako \u0160KODA PRAHA, PVT, Fincentrum, d\u00e1le mnoho let nanejv\u00fd\u0161 \u00fasp\u011b\u0161n\u011b \u0159\u00eddil \u010deskou a slovenskou pobo\u010dku zdravotnick\u00e9 spole\u010dnosti Medicover \/ Mediconet (dne\u0161n\u00ed Canadian Medical Care). Pot\u00e9 n\u011bkolik let pracoval pro investi\u010dn\u00ed spole\u010dnost Oriens, &hellip; <\/p>\n","protected":false},"author":1,"featured_media":0,"parent":0,"menu_order":6,"comment_status":"closed","ping_status":"closed","template":"","meta":[],"_links":{"self":[{"href":"https:\/\/www.prodavamfirmu.cz\/index.php\/wp-json\/wp\/v2\/pages\/11"}],"collection":[{"href":"https:\/\/www.prodavamfirmu.cz\/index.php\/wp-json\/wp\/v2\/pages"}],"about":[{"href":"https:\/\/www.prodavamfirmu.cz\/index.php\/wp-json\/wp\/v2\/types\/page"}],"author":[{"embeddable":true,"href":"https:\/\/www.prodavamfirmu.cz\/index.php\/wp-json\/wp\/v2\/users\/1"}],"replies":[{"embeddable":true,"href":"https:\/\/www.prodavamfirmu.cz\/index.php\/wp-json\/wp\/v2\/comments?post=11"}],"version-history":[{"count":6,"href":"https:\/\/www.prodavamfirmu.cz\/index.php\/wp-json\/wp\/v2\/pages\/11\/revisions"}],"predecessor-version":[{"id":83,"href":"https:\/\/www.prodavamfirmu.cz\/index.php\/wp-json\/wp\/v2\/pages\/11\/revisions\/83"}],"wp:attachment":[{"href":"https:\/\/www.prodavamfirmu.cz\/index.php\/wp-json\/wp\/v2\/media?parent=11"}],"curies":[{"name":"wp","href":"https:\/\/api.w.org\/{rel}","templated":true}]}}