{"id":10,"date":"2021-06-08T18:51:26","date_gmt":"2021-06-08T18:51:26","guid":{"rendered":"https:\/\/www.prodavamfirmu.cz\/?page_id=10"},"modified":"2025-01-03T19:01:57","modified_gmt":"2025-01-03T19:01:57","slug":"dane-a-jak-na-ne","status":"publish","type":"page","link":"https:\/\/www.prodavamfirmu.cz\/index.php\/dane-a-jak-na-ne\/","title":{"rendered":"Dan\u011b a jak na n\u011b"},"content":{"rendered":"\n<p>S ohledem na legislativn\u00ed zm\u011bny bude tento text teprve upraven. D\u011bkujeme za pochopen\u00ed.<\/p>\n","protected":false},"excerpt":{"rendered":"<p>S ohledem na legislativn\u00ed zm\u011bny bude tento text teprve upraven. D\u011bkujeme za pochopen\u00ed.<\/p>\n","protected":false},"author":1,"featured_media":0,"parent":0,"menu_order":5,"comment_status":"closed","ping_status":"closed","template":"","meta":[],"_links":{"self":[{"href":"https:\/\/www.prodavamfirmu.cz\/index.php\/wp-json\/wp\/v2\/pages\/10"}],"collection":[{"href":"https:\/\/www.prodavamfirmu.cz\/index.php\/wp-json\/wp\/v2\/pages"}],"about":[{"href":"https:\/\/www.prodavamfirmu.cz\/index.php\/wp-json\/wp\/v2\/types\/page"}],"author":[{"embeddable":true,"href":"https:\/\/www.prodavamfirmu.cz\/index.php\/wp-json\/wp\/v2\/users\/1"}],"replies":[{"embeddable":true,"href":"https:\/\/www.prodavamfirmu.cz\/index.php\/wp-json\/wp\/v2\/comments?post=10"}],"version-history":[{"count":3,"href":"https:\/\/www.prodavamfirmu.cz\/index.php\/wp-json\/wp\/v2\/pages\/10\/revisions"}],"predecessor-version":[{"id":120,"href":"https:\/\/www.prodavamfirmu.cz\/index.php\/wp-json\/wp\/v2\/pages\/10\/revisions\/120"}],"wp:attachment":[{"href":"https:\/\/www.prodavamfirmu.cz\/index.php\/wp-json\/wp\/v2\/media?parent=10"}],"curies":[{"name":"wp","href":"https:\/\/api.w.org\/{rel}","templated":true}]}}